{"id":18,"date":"2025-07-16T19:20:18","date_gmt":"2025-07-16T17:20:18","guid":{"rendered":"http:\/\/modexio.de\/?page_id=18"},"modified":"2025-07-16T21:16:43","modified_gmt":"2025-07-16T19:16:43","slug":"impressum","status":"publish","type":"page","link":"https:\/\/modexio.de\/index.php\/impressum\/","title":{"rendered":"Impressum"},"content":{"rendered":"\n<p><strong>WEBSEITENBETREIBER<\/strong><\/p>\n\n\n\n<p>Matthias Feistner<\/p>\n\n\n\n<p><strong>INFORMATIONEN \u00dcBER DAS UNTERNEHMEN<\/strong><\/p>\n\n\n\n<p>Einzelunternehmer <br>Lehmkuhle 3 <br>Gr\u00fcnenplan , 31073 <br>info@modexio.de<\/p>\n\n\n\n<p><strong>INFORMATIONEN \u00dcBER DIE UNTERNEHMENSREGISTRIERUNG<\/strong><\/p>\n\n\n\n<p>Informationen zur Online-Streitbeilegung: Die EU-Kommission hat eine Internetplattform zur Online-Beilegung von Streitigkeiten (sog. \u201eOS- Plattform\u201c) geschaffen. Die OS-Plattform dient als Anlaufstelle zur au\u00dfergerichtlichen Beilegung von Streitigkeiten betreffend vertragliche Verpflichtungen, die aus Online-Kaufvertr\u00e4gen erwachsen. Sie k\u00f6nnen die OS-Plattform unter dem folgenden Link erreichen: http:\/\/ec.euopa.eu\/consumers\/odr \u201eHinweis gem\u00e4\u00df \u00a7 36 Verbraucherstreitbeilegungsgesetz (VSBG).<\/p>\n\n\n\n<p><\/p>\n","protected":false},"excerpt":{"rendered":"<p>WEBSEITENBETREIBER Matthias Feistner INFORMATIONEN \u00dcBER DAS UNTERNEHMEN Einzelunternehmer Lehmkuhle 3 Gr\u00fcnenplan , 31073 info@modexio.de INFORMATIONEN \u00dcBER DIE UNTERNEHMENSREGISTRIERUNG Informationen zur Online-Streitbeilegung: Die EU-Kommission hat eine Internetplattform zur Online-Beilegung von Streitigkeiten (sog. \u201eOS- Plattform\u201c) geschaffen. Die OS-Plattform dient als Anlaufstelle zur au\u00dfergerichtlichen Beilegung von Streitigkeiten betreffend vertragliche Verpflichtungen, die aus Online-Kaufvertr\u00e4gen erwachsen. Sie k\u00f6nnen die OS-Plattform<\/p>\n<div class=\"more-link\">\n             <a href=\"https:\/\/modexio.de\/index.php\/impressum\/\" class=\"theme-btn\"><span>Weiterlesen <\/span><i class=\"bi bi-arrow-right\"><\/i><\/a>\n        <\/div>\n","protected":false},"author":1,"featured_media":0,"parent":0,"menu_order":0,"comment_status":"closed","ping_status":"closed","template":"","meta":{"footnotes":""},"class_list":["post-18","page","type-page","status-publish","hentry"],"_links":{"self":[{"href":"https:\/\/modexio.de\/index.php\/wp-json\/wp\/v2\/pages\/18","targetHints":{"allow":["GET"]}}],"collection":[{"href":"https:\/\/modexio.de\/index.php\/wp-json\/wp\/v2\/pages"}],"about":[{"href":"https:\/\/modexio.de\/index.php\/wp-json\/wp\/v2\/types\/page"}],"author":[{"embeddable":true,"href":"https:\/\/modexio.de\/index.php\/wp-json\/wp\/v2\/users\/1"}],"replies":[{"embeddable":true,"href":"https:\/\/modexio.de\/index.php\/wp-json\/wp\/v2\/comments?post=18"}],"version-history":[{"count":2,"href":"https:\/\/modexio.de\/index.php\/wp-json\/wp\/v2\/pages\/18\/revisions"}],"predecessor-version":[{"id":100,"href":"https:\/\/modexio.de\/index.php\/wp-json\/wp\/v2\/pages\/18\/revisions\/100"}],"wp:attachment":[{"href":"https:\/\/modexio.de\/index.php\/wp-json\/wp\/v2\/media?parent=18"}],"curies":[{"name":"wp","href":"https:\/\/api.w.org\/{rel}","templated":true}]}}